{"id":3365,"date":"2023-02-08T09:46:03","date_gmt":"2023-02-08T09:46:03","guid":{"rendered":"https:\/\/www.liongate.de\/?page_id=3365"},"modified":"2025-12-06T23:54:18","modified_gmt":"2025-12-06T23:54:18","slug":"datenschutz-grundverordnung-2","status":"publish","type":"page","link":"https:\/\/www.liongate.de\/de\/datenschutz-grundverordnung-2\/","title":{"rendered":"Datenschutz f\u00fcr Bewerber*innen im Bewerbungsprozess"},"content":{"rendered":"\t\t<section class=\"the-text-banner\" >\n\t\t<div class=\"container\">\n\t\t\t<div class=\"the-banner\">\n\t\t\t\t<div class=\"banner-left\">\n\t\t\t\t\t\t\t\t\t\t\t\t\t\t\t\t<h1 class=\"title\">Datenschutz f\u00fcr Bewerber*innen im Bewerbungsprozess<\/h1>\n\t\t\t\t\t\t\t\t\t<\/div>\n\t\t\t\t<div class=\"banner-right\">\n\t\t\t\t\t\t\t\t\t\t\t\t\t\t<\/div>\n\t\t\t<\/div>\n\t\t<\/div>\n\t<\/section>\n\t\n\n\n<p><\/p>\n\n\n\t\t\t<section class=\"content-page-info\">\n\t\t\t<div class=\"container \">\n\t\t\t\t\t\t\t\t\t<div class=\"description\"><h3><strong>Datenschutzinformationen f\u00fcr Bewerber*innen gem\u00e4\u00df Art. 13 Datenschutz-Grundverordnung (DSGVO)<\/strong><\/h3>\n<p>Vielen Dank f\u00fcr Dein Interesse an unserem Unternehmen. Wir m\u00f6chten Dich gem\u00e4\u00df den Vorgaben der Datenschutz-Grundverordnung (DSGVO) dar\u00fcber informieren, wie wir die von Dir im Rahmen des Bewerbungsprozesses \u00fcbermittelten und gegebenenfalls von uns erhobenen personenbezogenen Daten verarbeiten. Um sicherzustellen, dass Du vollst\u00e4ndig informiert bist, findest Du nachfolgend alle relevanten Informationen zur Verarbeitung Deiner personenbezogenen Daten im Rahmen des Bewerbungsprozesses.<\/p>\n<p>&nbsp;<\/p>\n<p><strong>Daten, die wir verarbeiten<\/strong><\/p>\n<p>Wir verarbeiten personenbezogene Daten, die Du uns im Rahmen Ihrer Bewerbung per E-Mail oder Post sowie im Vorstellungsgespr\u00e4ch zur Verf\u00fcgung stellst. Dazu geh\u00f6ren Kontaktdaten, Lebenslauf, Zeugnisse, Qualifikationen, Lichtbild und gegebenenfalls Bankverbindung zur Erstattung von Reisekosten.<\/p>\n<p>&nbsp;<\/p>\n<p>Wir nutzen diese Daten zun\u00e4chst zur Durchf\u00fchrung des Bewerbungsverfahrens und pr\u00fcfen anschlie\u00dfend, ob wir Dir die Stelle anbieten und Dich bei uns einstellen m\u00f6chten. Die Verarbeitung Deiner Daten basiert auf Art. 88 Abs. 1 DSGVO in Verbindung mit \u00a7 26 Abs. 1 Satz 1 BDSG. Wenn Du uns besondere Kategorien personenbezogener Daten wie Gesundheitsdaten mitteilst, erfolgt die Verarbeitung gem\u00e4\u00df Art. 9 Abs. 2 lit. b DSGVO in Verbindung mit \u00a7 26 Abs. 3 BDSG.<\/p>\n<p>&nbsp;<\/p>\n<p>Wenn Du das Bewerbungsverfahren erfolgreich absolvierst und unser Angebot annimmst, speichern wir Deine Daten f\u00fcr die Durchf\u00fchrung des Besch\u00e4ftigungsverh\u00e4ltnisses. Die Verarbeitung erfolgt gem\u00e4\u00df Art. 88 Abs. 1 DSGVO in Verbindung mit \u00a7 26 Abs. 1 Satz 1 BDSG.<\/p>\n<p>&nbsp;<\/p>\n<p><strong>L\u00f6schung von Daten<\/strong><\/p>\n<p>Wir werden Deine Daten l\u00f6schen, wenn keine gesetzliche Verpflichtung zur Aufbewahrung besteht und die Notwendigkeit oder das berechtigte Interesse an deren Speicherung aufgehoben ist. Sollte keine besondere Anweisung erteilt werden, werden wir Deine Daten sp\u00e4testens sechs Monate nach Abschluss des Bewerbungsprozesses regelm\u00e4\u00dfig entfernen.<\/p>\n<p>In einigen besonderen F\u00e4llen k\u00f6nnen bestimmte Daten l\u00e4nger gespeichert werden, zum Beispiel f\u00fcr die Abrechnung von Reisekosten. In solchen F\u00e4llen richten wir uns nach den gesetzlichen Aufbewahrungspflichten gem\u00e4\u00df dem Handelsgesetzbuch oder der Abgabenordnung (sechs bzw. zehn Jahre) oder nach der Dauer eines gerichtlichen Verfahrens und der anschlie\u00dfenden Verj\u00e4hrungsfrist.<\/p>\n<p>&nbsp;<\/p>\n<p>Sollte es nicht zu einer Einstellung kommen, aber wir weiterhin Interesse an deiner Bewerbung haben, werden wir dich kontaktieren, um zu fragen, ob wir deine Bewerbung f\u00fcr k\u00fcnftige Stellenbesetzungen weiter aufbewahren d\u00fcrfen.<\/p>\n<p>&nbsp;<\/p>\n<p>Falls du einen Arbeitsvertrag bei uns unterzeichnest, werden deine Daten f\u00fcr die Dauer des Besch\u00e4ftigungsverh\u00e4ltnisses gespeichert. In diesem Fall erh\u00e4ltst du vor Beginn des Besch\u00e4ftigungsverh\u00e4ltnisses weitere Informationen zur Verarbeitung deiner Daten im Rahmen der Anstellung.<\/p>\n<p>&nbsp;<\/p>\n<p><strong>Empf\u00e4nger Deiner Daten<\/strong><\/p>\n<p>Wir behandeln Deine Daten selbstverst\u00e4ndlich vertraulich und \u00fcbermitteln diese nicht an Dritte. F\u00fcr die Bereitstellung unseres Bewerbermanagementsystems haben wir jedoch einen Dienstleister beauftragt, der im Rahmen einer Auftragsverarbeitung Zugang zu Deinen Daten hat. Au\u00dferdem setzen wir Dienstleister ein, die uns in den Bereichen Hosting, Wartung und Support von IT-Systemen sowie Archivierung und Vernichtung von Dokumenten unterst\u00fctzen und mit denen wir ebenfalls separate Vertr\u00e4ge zur Auftragsverarbeitung abgeschlossen haben.<\/p>\n<p>&nbsp;<\/p>\n<p><strong>Deine Datenschutzrechte<\/strong><\/p>\n<p>Als betroffene Person hast Du das Recht auf Auskunft \u00fcber die Dich betreffenden personenbezogenen Daten (\u00a7 17 DSGVO), auf Berichtigung unrichtiger Daten (\u00a7 18 DSGVO) sowie auf L\u00f6schung, sofern einer der in \u00a7 19 DSGVO genannten Gr\u00fcnde vorliegt, z.B. wenn die Daten f\u00fcr die verfolgten Zwecke nicht mehr ben\u00f6tigt werden. Des Weiteren steht Dir das Recht auf Einschr\u00e4nkung der Verarbeitung zu, wenn eine der in \u00a7 20 DSGVO genannten Voraussetzungen erf\u00fcllt ist, sowie das Recht auf Daten\u00fcbertragbarkeit gem\u00e4\u00df \u00a7 22 DSGVO. Wenn Du Deine Datenschutzrechte geltend machen m\u00f6chtest, wende Dich bitte unter den unten genannten Kontaktdaten an uns.<\/p>\n<p>&nbsp;<\/p>\n<p>Dar\u00fcber hinaus hast Du als betroffene Person das Recht auf Beschwerde bei einer Aufsichtsbeh\u00f6rde, wenn Du der Ansicht bist, dass die Verarbeitung der Dich betreffenden Daten gegen datenschutzrechtliche Bestimmungen verst\u00f6\u00dft.<\/p>\n<p>&nbsp;<\/p>\n<p><strong>Zust\u00e4ndige Datenschutzaufsicht<\/strong><\/p>\n<p>Bayerisches Landesamt f\u00fcr Datenschutzaufsicht<\/p>\n<p>Postfach 1349<\/p>\n<p>91504 Ansbach | Deutschland<\/p>\n<p>&nbsp;<\/p>\n<p>Telefon: +49 (0) 981 180093-0<\/p>\n<p>E-Mail: \u00a0 <a href=\"mailto:poststelle@lda.bayern.de\">poststelle@lda.bayern.de<\/a><\/p>\n<p>&nbsp;<\/p>\n<p><strong>Verantwortlicher<\/strong><\/p>\n<p>Liongate AG<\/p>\n<p>Leopoldstra\u00dfe 244<\/p>\n<p>D-80807 M\u00fcnchen<\/p>\n<p>&nbsp;<\/p>\n<p>Telefon: +49 (89) 244 19 07-0 | E-Mail: <a href=\"mailto:info@liongate.de\">info@liongate.de<\/a><\/p>\n<p><strong>Unser Datenschutzbeauftragter<\/strong><\/p>\n<p>Bei der Erf\u00fcllung unserer datenschutzrechtlichen Pflichten werden wir von unserem Datenschutzbeauftragten unterst\u00fctzt. Die Kontaktdaten unseres Datenschutzbeauftragten lauten:<\/p>\n<p>&nbsp;<\/p>\n<p>Bitkom Servicegesellschaft mbH<\/p>\n<p>Albrechtstra\u00dfe 10<\/p>\n<p>10117 Berlin<\/p>\n<p>&nbsp;<\/p>\n<p>E-Mail: \u00a0 <a href=\"mailto:datenschutz@bitkom-consult.de\">datenschutz@bitkom-consult.de<\/a><\/p>\n<p>&nbsp;<\/p>\n<p>Die Bitkom Servicegesellschaft mbH ist als externer Datenschutzbeauftragter gesetzlich verpflichtet, die Anfragen betroffener Personen vertraulich zu behandeln.<\/p>\n<p>&nbsp;<\/p>\n<p><strong>Erforderlichkeit der Bereitstellung personenbezogener Daten<\/strong><\/p>\n<p>Die Bereitstellung personenbezogener Daten im Rahmen von Bewerbungsprozessen ist weder gesetzlich noch vertraglich vorgeschrieben. Du bist somit nicht verpflichtet, Angaben zu Deinen personenbezogenen Daten zu machen. Jedoch sind diese f\u00fcr die Entscheidung \u00fcber eine Bewerbung bzw. einen Vertragsabschluss in Bezug auf ein Besch\u00e4ftigungsverh\u00e4ltnis mit uns erforderlich. Solltest Du uns keine personenbezogenen Daten zur Verf\u00fcgung stellen, k\u00f6nnen wir keine Entscheidung zur Begr\u00fcndung eines Besch\u00e4ftigungsverh\u00e4ltnisses treffen. Wir empfehlen daher, im Rahmen Deiner Bewerbung nur diejenigen personenbezogenen Daten anzugeben, die f\u00fcr die Durchf\u00fchrung der Bewerbung erforderlich sind.<\/p>\n<p><strong>\u00a0<\/strong><\/p>\n<p><strong>Automatisierte Entscheidungsfindung<\/strong><\/p>\n<p>Aufgrund der Tatsache, dass bei der Entscheidung \u00fcber Deine Bewerbung keine ausschlie\u00dflich automatisierte Verarbeitung erfolgt, findet auch keine automatisierte Entscheidungsfindung im Einzelfall gem\u00e4\u00df Art. 22 DSGVO statt.<\/p>\n<\/div>\n\t\t\t\t\t\t\t<\/div>\n\t\t<\/section>\n\t","protected":false},"excerpt":{"rendered":"","protected":false},"author":8,"featured_media":0,"parent":0,"menu_order":0,"comment_status":"closed","ping_status":"closed","template":"page-privacy.php","meta":{"inline_featured_image":false,"footnotes":""},"class_list":["post-3365","page","type-page","status-publish","hentry"],"yoast_head":"<!-- This site is optimized with the Yoast SEO Premium plugin v27.3 (Yoast SEO v27.3) - https:\/\/yoast.com\/product\/yoast-seo-premium-wordpress\/ -->\n<title>Datenschutz f\u00fcr Bewerber*innen im Bewerbungsprozess - Liongate<\/title>\n<meta name=\"description\" content=\"Wir freuen uns \u00fcber Ihr Interesse an unserem Unternehmen. Folgend werden wir \u00fcber die Vorgaben der Datenschutz-Grundverordnung informieren.\" \/>\n<meta name=\"robots\" content=\"index, follow, max-snippet:-1, max-image-preview:large, max-video-preview:-1\" \/>\n<link rel=\"canonical\" href=\"https:\/\/www.liongate.de\/de\/datenschutz-grundverordnung-2\/\" \/>\n<meta property=\"og:locale\" content=\"de_DE\" \/>\n<meta property=\"og:type\" content=\"article\" \/>\n<meta property=\"og:title\" content=\"Datenschutz f\u00fcr Bewerber*innen im Bewerbungsprozess\" \/>\n<meta property=\"og:description\" content=\"Wir freuen uns \u00fcber Ihr Interesse an unserem Unternehmen. Folgend werden wir \u00fcber die Vorgaben der Datenschutz-Grundverordnung informieren.\" \/>\n<meta property=\"og:url\" content=\"https:\/\/www.liongate.de\/de\/datenschutz-grundverordnung-2\/\" \/>\n<meta property=\"og:site_name\" content=\"Liongate\" \/>\n<meta property=\"article:modified_time\" content=\"2025-12-06T23:54:18+00:00\" \/>\n<meta name=\"twitter:card\" content=\"summary_large_image\" \/>\n<script type=\"application\/ld+json\" class=\"yoast-schema-graph\">{\"@context\":\"https:\\\/\\\/schema.org\",\"@graph\":[{\"@type\":\"WebPage\",\"@id\":\"https:\\\/\\\/www.liongate.de\\\/de\\\/datenschutz-grundverordnung-2\\\/\",\"url\":\"https:\\\/\\\/www.liongate.de\\\/de\\\/datenschutz-grundverordnung-2\\\/\",\"name\":\"Datenschutz f\u00fcr Bewerber*innen im Bewerbungsprozess - Liongate\",\"isPartOf\":{\"@id\":\"https:\\\/\\\/www.liongate.de\\\/de\\\/#website\"},\"datePublished\":\"2023-02-08T09:46:03+00:00\",\"dateModified\":\"2025-12-06T23:54:18+00:00\",\"description\":\"Wir freuen uns \u00fcber Ihr Interesse an unserem Unternehmen. Folgend werden wir \u00fcber die Vorgaben der Datenschutz-Grundverordnung informieren.\",\"breadcrumb\":{\"@id\":\"https:\\\/\\\/www.liongate.de\\\/de\\\/datenschutz-grundverordnung-2\\\/#breadcrumb\"},\"inLanguage\":\"de\",\"potentialAction\":[{\"@type\":\"ReadAction\",\"target\":[\"https:\\\/\\\/www.liongate.de\\\/de\\\/datenschutz-grundverordnung-2\\\/\"]}]},{\"@type\":\"BreadcrumbList\",\"@id\":\"https:\\\/\\\/www.liongate.de\\\/de\\\/datenschutz-grundverordnung-2\\\/#breadcrumb\",\"itemListElement\":[{\"@type\":\"ListItem\",\"position\":1,\"name\":\"Home\",\"item\":\"https:\\\/\\\/www.liongate.de\\\/de\\\/\"},{\"@type\":\"ListItem\",\"position\":2,\"name\":\"Datenschutz f\u00fcr Bewerber*innen im Bewerbungsprozess\"}]},{\"@type\":\"WebSite\",\"@id\":\"https:\\\/\\\/www.liongate.de\\\/de\\\/#website\",\"url\":\"https:\\\/\\\/www.liongate.de\\\/de\\\/\",\"name\":\"Liongate\",\"description\":\"Liongate - Make every interaction a win\",\"potentialAction\":[{\"@type\":\"SearchAction\",\"target\":{\"@type\":\"EntryPoint\",\"urlTemplate\":\"https:\\\/\\\/www.liongate.de\\\/de\\\/?s={search_term_string}\"},\"query-input\":{\"@type\":\"PropertyValueSpecification\",\"valueRequired\":true,\"valueName\":\"search_term_string\"}}],\"inLanguage\":\"de\"}]}<\/script>\n<!-- \/ Yoast SEO Premium plugin. -->","yoast_head_json":{"title":"Datenschutz f\u00fcr Bewerber*innen im Bewerbungsprozess - Liongate","description":"Wir freuen uns \u00fcber Ihr Interesse an unserem Unternehmen. Folgend werden wir \u00fcber die Vorgaben der Datenschutz-Grundverordnung informieren.","robots":{"index":"index","follow":"follow","max-snippet":"max-snippet:-1","max-image-preview":"max-image-preview:large","max-video-preview":"max-video-preview:-1"},"canonical":"https:\/\/www.liongate.de\/de\/datenschutz-grundverordnung-2\/","og_locale":"de_DE","og_type":"article","og_title":"Datenschutz f\u00fcr Bewerber*innen im Bewerbungsprozess","og_description":"Wir freuen uns \u00fcber Ihr Interesse an unserem Unternehmen. Folgend werden wir \u00fcber die Vorgaben der Datenschutz-Grundverordnung informieren.","og_url":"https:\/\/www.liongate.de\/de\/datenschutz-grundverordnung-2\/","og_site_name":"Liongate","article_modified_time":"2025-12-06T23:54:18+00:00","twitter_card":"summary_large_image","schema":{"@context":"https:\/\/schema.org","@graph":[{"@type":"WebPage","@id":"https:\/\/www.liongate.de\/de\/datenschutz-grundverordnung-2\/","url":"https:\/\/www.liongate.de\/de\/datenschutz-grundverordnung-2\/","name":"Datenschutz f\u00fcr Bewerber*innen im Bewerbungsprozess - Liongate","isPartOf":{"@id":"https:\/\/www.liongate.de\/de\/#website"},"datePublished":"2023-02-08T09:46:03+00:00","dateModified":"2025-12-06T23:54:18+00:00","description":"Wir freuen uns \u00fcber Ihr Interesse an unserem Unternehmen. Folgend werden wir \u00fcber die Vorgaben der Datenschutz-Grundverordnung informieren.","breadcrumb":{"@id":"https:\/\/www.liongate.de\/de\/datenschutz-grundverordnung-2\/#breadcrumb"},"inLanguage":"de","potentialAction":[{"@type":"ReadAction","target":["https:\/\/www.liongate.de\/de\/datenschutz-grundverordnung-2\/"]}]},{"@type":"BreadcrumbList","@id":"https:\/\/www.liongate.de\/de\/datenschutz-grundverordnung-2\/#breadcrumb","itemListElement":[{"@type":"ListItem","position":1,"name":"Home","item":"https:\/\/www.liongate.de\/de\/"},{"@type":"ListItem","position":2,"name":"Datenschutz f\u00fcr Bewerber*innen im Bewerbungsprozess"}]},{"@type":"WebSite","@id":"https:\/\/www.liongate.de\/de\/#website","url":"https:\/\/www.liongate.de\/de\/","name":"Liongate","description":"Liongate - Make every interaction a win","potentialAction":[{"@type":"SearchAction","target":{"@type":"EntryPoint","urlTemplate":"https:\/\/www.liongate.de\/de\/?s={search_term_string}"},"query-input":{"@type":"PropertyValueSpecification","valueRequired":true,"valueName":"search_term_string"}}],"inLanguage":"de"}]}},"acf":[],"_links":{"self":[{"href":"https:\/\/www.liongate.de\/de\/wp-json\/wp\/v2\/pages\/3365","targetHints":{"allow":["GET"]}}],"collection":[{"href":"https:\/\/www.liongate.de\/de\/wp-json\/wp\/v2\/pages"}],"about":[{"href":"https:\/\/www.liongate.de\/de\/wp-json\/wp\/v2\/types\/page"}],"author":[{"embeddable":true,"href":"https:\/\/www.liongate.de\/de\/wp-json\/wp\/v2\/users\/8"}],"replies":[{"embeddable":true,"href":"https:\/\/www.liongate.de\/de\/wp-json\/wp\/v2\/comments?post=3365"}],"version-history":[{"count":12,"href":"https:\/\/www.liongate.de\/de\/wp-json\/wp\/v2\/pages\/3365\/revisions"}],"predecessor-version":[{"id":9828,"href":"https:\/\/www.liongate.de\/de\/wp-json\/wp\/v2\/pages\/3365\/revisions\/9828"}],"wp:attachment":[{"href":"https:\/\/www.liongate.de\/de\/wp-json\/wp\/v2\/media?parent=3365"}],"curies":[{"name":"wp","href":"https:\/\/api.w.org\/{rel}","templated":true}]}}