{"id":1314,"date":"2022-08-26T07:12:54","date_gmt":"2022-08-26T07:12:54","guid":{"rendered":"https:\/\/www.liongate.io\/kontakt\/"},"modified":"2026-04-28T19:44:47","modified_gmt":"2026-04-28T19:44:47","slug":"kontakt","status":"publish","type":"page","link":"https:\/\/www.liongate.de\/de\/kontakt\/","title":{"rendered":"Kontakt"},"content":{"rendered":"\t\t<section class=\"the-text-banner\"  style=\"background:linear-gradient(90.19deg, rgba(0, 0, 0, 0.4) 0.19%, rgba(0, 0, 0, 0) 99.86%), linear-gradient(0deg, rgba(0, 0, 0, 0.25), rgba(0, 0, 0, 0.25)), url('https:\/\/www.liongate.de\/wp-content\/uploads\/2025\/12\/team-laughing-at-table.jpg')\"; >\n\t\t<div class=\"container\">\n\t\t\t<div class=\"the-banner\">\n\t\t\t\t<div class=\"banner-left\">\n\t\t\t\t\t\t\t\t\t\t\t<div class=\"toolip\">Kontakt<\/div>\n\t\t\t\t\t\t\t\t\t\t\t\t\t\t\t\t<h1 class=\"title\">Let&#8217;s talk.<\/h1>\n\t\t\t\t\t\t\t\t\t<\/div>\n\t\t\t\t<div class=\"banner-right\">\n\t\t\t\t\t\t\t\t\t\t\t<div class=\"description\" style=\"font-size:18px;\"><p>Wir freuen uns, von euch zu h\u00f6ren.<\/p>\n<p>Ihr wollt erfahren, wie Cloud, Salesforce und KI-L\u00f6sungen eure Prozesse effizienter, innovativer und zukunftssicher gestalten k\u00f6nnen? Wir beraten euch praxisnah und pers\u00f6nlich \u2013 in unserem B\u00fcro in M\u00fcnchen oder Essen, telefonisch oder per E-Mail.<\/p>\n<\/div>\n\t\t\t\t\t\t\t\t\t\t\t\t\t\t<\/div>\n\t\t\t<\/div>\n\t\t<\/div>\n\t<\/section>\n\t\n\n\t\t\t<section class=\"contact-lists\">\n\t\t\t<div class=\"container\">\n\t\t\t\t<div class=\"lists\">\n\t\t\t\t\t\t\t\t\t\t<div class=\"list\">\n\t\t\t\t\t\t<div class=\"info\">\n\t\t\t\t\t\t\t<div class=\"title\">Phone<\/div>\n\t\t\t\t\t\t\t<a target=\"_self\" href=\"tel:+49%20(89)244%2019%2007-0\">+49 (89)244 19 07-0<\/a>\n\t\t\t\t\t\t<\/div>\n\t\t\t\t\t\t<a target=\"_self\" class=\"btn-contact\" href=\"tel:+49%20(89)244%2019%2007-0\">\n\t\t\t\t\t\t\t<span>Ruft uns an.<\/span>\n\t\t\t\t\t\t<\/a>\n\t\t\t\t\t<\/div>\n\t\t\t\t\t\t\t\t\t\t<div class=\"list\">\n\t\t\t\t\t\t<div class=\"info\">\n\t\t\t\t\t\t\t<div class=\"title\">E-Mail<\/div>\n\t\t\t\t\t\t\t<a target=\"_self\" href=\"mailto:info@liongate.de\">info@liongate.de<\/a>\n\t\t\t\t\t\t<\/div>\n\t\t\t\t\t\t<a target=\"_self\" class=\"btn-contact\" href=\"mailto:info@liongate.de\">\n\t\t\t\t\t\t\t<span>Schreibt uns.<\/span>\n\t\t\t\t\t\t<\/a>\n\t\t\t\t\t<\/div>\n\t\t\t\t\t\t\t\t\t<\/div>\n\t\t\t<\/div>\n\t\t<\/section>\n\t\n\n\t\t\t<section class=\"our-locations\">\n\t\t\t<div class=\"container\">\n\t\t\t\t<div class=\"our-location-wrapper\">\n\t\t\t\t\t\t\t\t\t\t\t<div class=\"toolip\">Unsere Standorte<\/div>\n\t\t\t\t\t\t\t\t\t\t\t\t\t\t\t\t<h2 class=\"title\">Wir freuen uns auf ein Gespr\u00e4ch mit euch.<\/h2>\n\t\t\t\t\t\t\t\t\t\t<div class=\"locations-list\">\n\t\t\t\t\t\t\t\t\t\t\t\t<div class=\"list\">\n\t\t\t\t\t\t\t<div class=\"list-wrapper\">\n\t\t\t\t\t\t\t\t<h3 class=\"location-name\">M\u00fcnchen<\/h3>\n\t\t\t\t\t\t\t\t\t\t\t\t\t\t\t\t\t<a target=\"_blank\" href=\"https:\/\/maps.app.goo.gl\/9ZiNHNT55reZBtji6\" class=\"image-s\">\n\t\t\t\t\t\t\t\t\t\t<img loading=\"lazy\" decoding=\"async\" width=\"1920\" height=\"750\" src=\"https:\/\/www.liongate.de\/wp-content\/uploads\/2025\/12\/office-location-munich-e1765067564450.jpg\" class=\"attachment-full size-full\" alt=\"Screenshot zeigt den B\u00fcrostandort in M\u00fcnchen.\" srcset=\"https:\/\/www.liongate.de\/wp-content\/uploads\/2025\/12\/office-location-munich-e1765067564450.jpg 1920w, https:\/\/www.liongate.de\/wp-content\/uploads\/2025\/12\/office-location-munich-e1765067564450-300x117.jpg 300w, https:\/\/www.liongate.de\/wp-content\/uploads\/2025\/12\/office-location-munich-e1765067564450-1024x400.jpg 1024w, https:\/\/www.liongate.de\/wp-content\/uploads\/2025\/12\/office-location-munich-e1765067564450-768x300.jpg 768w, https:\/\/www.liongate.de\/wp-content\/uploads\/2025\/12\/office-location-munich-e1765067564450-1536x600.jpg 1536w\" sizes=\"auto, (max-width: 1920px) 100vw, 1920px\" \/>\t\t\t\t\t\t\t\t\t<\/a>\n\t\t\t\t\t\t\t\t\t\t\t\t\t\t\t\t\t\t\t\t\t\t\t\t<div class=\"contact-details\">\n\t\t\t\t\t\t\t\t\t\t\t\t\t\t\t\t\t\t\t\t\t\t\t\t\t\t\t\t\t\t<div class=\"contact-detail\">\n\t\t\t\t\t\t\t\t\t\t\t\t<a target=\"_blank\" href=\"#\">\n                                                    \t\t\t\t\t\t\t\t\t\t\t\t\t<span>Leopoldstra\u00dfe 244, D-80807 M\u00fcnchen<\/span>\n\t\t\t\t\t\t\t\t\t\t\t\t<\/a>\n\t\t\t\t\t\t\t\t\t\t\t<\/div>\n\t\t\t\t\t\t\t\t\t\t\t\t\t\t\t\t\t\t\t\t\t\t\t\t\t\t\t\t\t\t\t\t\t\t\t\t\t\t\t\t<div class=\"contact-detail\">\n\t\t\t\t\t\t\t\t\t\t\t\t<a target=\"_blank\" href=\"tel:+49 (89)244 19 07-0\">\n                                                    \t\t\t\t\t\t\t\t\t\t\t\t\t<span>+49 (89)244 19 07-0<\/span>\n\t\t\t\t\t\t\t\t\t\t\t\t<\/a>\n\t\t\t\t\t\t\t\t\t\t\t<\/div>\n\t\t\t\t\t\t\t\t\t\t\t\t\t\t\t\t\t\t\t\t\t\t\t\t\t\t\t<\/div>\n\t\t\t\t\t\t\t\t\t\t\t\t\t\t\t\t<div class=\"location\">\n\t\t\t\t\t\t\t\t\t<div class=\"text\">M\u00fcnchen, Germany<\/div>\n\t\t\t\t\t\t\t\t\t<a target=\"_blank\" class=\"btn-blue-arrow-2\" href=\"https:\/\/maps.app.goo.gl\/9ZiNHNT55reZBtji6\">\n\t\t\t\t\t\t\t\t\t\t<span>Anfahrt<\/span>\n\t\t\t\t\t\t\t\t\t\t<span class=\"arrow\">\n\t\t\t\t\t\t\t\t\t\t\t<svg class=\"arrow-normal\" width=\"18\" height=\"18\" viewBox=\"0 0 18 18\" fill=\"none\" xmlns=\"http:\/\/www.w3.org\/2000\/svg\">\n\t\t\t\t\t\t\t\t\t\t\t\t<path d=\"M13.5197 7.91666L7.70868 2.10566L9.24051 0.573822L17.6667 8.99999L9.24051 17.4262L7.70868 15.8943L13.5197 10.0833H0.333344V7.91666H13.5197Z\" fill=\"white\" \/>\n\t\t\t\t\t\t\t\t\t\t\t<\/svg>\n\t\t\t\t\t\t\t\t\t\t\t<svg class=\"arrow-hover\" width=\"18\" height=\"18\" viewBox=\"0 0 18 18\" fill=\"none\" xmlns=\"http:\/\/www.w3.org\/2000\/svg\">\n\t\t\t\t\t\t\t\t\t\t\t\t<path d=\"M13.5197 7.91666L7.70868 2.10566L9.24051 0.573822L17.6667 8.99999L9.24051 17.4262L7.70868 15.8943L13.5197 10.0833H0.333344V7.91666H13.5197Z\" fill=\"white\" \/>\n\t\t\t\t\t\t\t\t\t\t\t<\/svg>\n\t\t\t\t\t\t\t\t\t\t<\/span>\n\t\t\t\t\t\t\t\t\t<\/a>\n\t\t\t\t\t\t\t\t<\/div>\n\t\t\t\t\t\t\t<\/div>\n\t\t\t\t\t\t<\/div>\n\t\t\t\t\t\t\t\t\t\t\t\t<div class=\"list\">\n\t\t\t\t\t\t\t<div class=\"list-wrapper\">\n\t\t\t\t\t\t\t\t<h3 class=\"location-name\">Essen<\/h3>\n\t\t\t\t\t\t\t\t\t\t\t\t\t\t\t\t\t<a target=\"_blank\" href=\"https:\/\/maps.app.goo.gl\/CBvndVk6mkEYVqRh6\" class=\"image-s\">\n\t\t\t\t\t\t\t\t\t\t<img loading=\"lazy\" decoding=\"async\" width=\"1920\" height=\"750\" src=\"https:\/\/www.liongate.de\/wp-content\/uploads\/2025\/12\/office-location-essen-e1765067583388.jpg\" class=\"attachment-full size-full\" alt=\"Screenshot zeigt den B\u00fcrostandort in Essen.\" srcset=\"https:\/\/www.liongate.de\/wp-content\/uploads\/2025\/12\/office-location-essen-e1765067583388.jpg 1920w, https:\/\/www.liongate.de\/wp-content\/uploads\/2025\/12\/office-location-essen-e1765067583388-300x117.jpg 300w, https:\/\/www.liongate.de\/wp-content\/uploads\/2025\/12\/office-location-essen-e1765067583388-1024x400.jpg 1024w, https:\/\/www.liongate.de\/wp-content\/uploads\/2025\/12\/office-location-essen-e1765067583388-768x300.jpg 768w, https:\/\/www.liongate.de\/wp-content\/uploads\/2025\/12\/office-location-essen-e1765067583388-1536x600.jpg 1536w\" sizes=\"auto, (max-width: 1920px) 100vw, 1920px\" \/>\t\t\t\t\t\t\t\t\t<\/a>\n\t\t\t\t\t\t\t\t\t\t\t\t\t\t\t\t\t\t\t\t\t\t\t\t<div class=\"contact-details\">\n\t\t\t\t\t\t\t\t\t\t\t\t\t\t\t\t\t\t\t\t\t\t\t\t\t\t\t\t\t\t<div class=\"contact-detail\">\n\t\t\t\t\t\t\t\t\t\t\t\t<a target=\"_blank\" href=\"#\">\n                                                    \t\t\t\t\t\t\t\t\t\t\t\t\t<span>Am Thyssenhaus 3, D-45128 Essen<\/span>\n\t\t\t\t\t\t\t\t\t\t\t\t<\/a>\n\t\t\t\t\t\t\t\t\t\t\t<\/div>\n\t\t\t\t\t\t\t\t\t\t\t\t\t\t\t\t\t\t\t\t\t\t\t\t\t\t\t\t\t\t\t\t\t\t\t\t\t\t\t\t<div class=\"contact-detail\">\n\t\t\t\t\t\t\t\t\t\t\t\t<a target=\"_blank\" href=\"tel:+498924419070\">\n                                                    \t\t\t\t\t\t\t\t\t\t\t\t\t<span>+49 (89)244 19 07-0<\/span>\n\t\t\t\t\t\t\t\t\t\t\t\t<\/a>\n\t\t\t\t\t\t\t\t\t\t\t<\/div>\n\t\t\t\t\t\t\t\t\t\t\t\t\t\t\t\t\t\t\t\t\t\t\t\t\t\t\t<\/div>\n\t\t\t\t\t\t\t\t\t\t\t\t\t\t\t\t<div class=\"location\">\n\t\t\t\t\t\t\t\t\t<div class=\"text\">Essen, Germany<\/div>\n\t\t\t\t\t\t\t\t\t<a target=\"_blank\" class=\"btn-blue-arrow-2\" href=\"https:\/\/maps.app.goo.gl\/CBvndVk6mkEYVqRh6\">\n\t\t\t\t\t\t\t\t\t\t<span>Anfahrt<\/span>\n\t\t\t\t\t\t\t\t\t\t<span class=\"arrow\">\n\t\t\t\t\t\t\t\t\t\t\t<svg class=\"arrow-normal\" width=\"18\" height=\"18\" viewBox=\"0 0 18 18\" fill=\"none\" xmlns=\"http:\/\/www.w3.org\/2000\/svg\">\n\t\t\t\t\t\t\t\t\t\t\t\t<path d=\"M13.5197 7.91666L7.70868 2.10566L9.24051 0.573822L17.6667 8.99999L9.24051 17.4262L7.70868 15.8943L13.5197 10.0833H0.333344V7.91666H13.5197Z\" fill=\"white\" \/>\n\t\t\t\t\t\t\t\t\t\t\t<\/svg>\n\t\t\t\t\t\t\t\t\t\t\t<svg class=\"arrow-hover\" width=\"18\" height=\"18\" viewBox=\"0 0 18 18\" fill=\"none\" xmlns=\"http:\/\/www.w3.org\/2000\/svg\">\n\t\t\t\t\t\t\t\t\t\t\t\t<path d=\"M13.5197 7.91666L7.70868 2.10566L9.24051 0.573822L17.6667 8.99999L9.24051 17.4262L7.70868 15.8943L13.5197 10.0833H0.333344V7.91666H13.5197Z\" fill=\"white\" \/>\n\t\t\t\t\t\t\t\t\t\t\t<\/svg>\n\t\t\t\t\t\t\t\t\t\t<\/span>\n\t\t\t\t\t\t\t\t\t<\/a>\n\t\t\t\t\t\t\t\t<\/div>\n\t\t\t\t\t\t\t<\/div>\n\t\t\t\t\t\t<\/div>\n\t\t\t\t\t\t\t\t\t\t\t<\/div>\n\t\t\t\t<\/div>\n\t\t\t<\/div>\n    \t<\/section>\n\t","protected":false},"excerpt":{"rendered":"","protected":false},"author":1,"featured_media":0,"parent":0,"menu_order":0,"comment_status":"closed","ping_status":"closed","template":"","meta":{"inline_featured_image":false,"footnotes":""},"class_list":["post-1314","page","type-page","status-publish","hentry"],"yoast_head":"<!-- This site is optimized with the Yoast SEO Premium plugin v27.3 (Yoast SEO v27.3) - https:\/\/yoast.com\/product\/yoast-seo-premium-wordpress\/ -->\n<title>Kontakt Liongate<\/title>\n<meta name=\"description\" content=\"Wir helfen euch gerne. Ruft uns an oder schreibt uns. Telefon +49 (89) 244 19 07-0 info@liongate.de\" \/>\n<meta name=\"robots\" content=\"index, follow, max-snippet:-1, max-image-preview:large, max-video-preview:-1\" \/>\n<link rel=\"canonical\" href=\"https:\/\/www.liongate.de\/de\/kontakt\/\" \/>\n<meta property=\"og:locale\" content=\"de_DE\" \/>\n<meta property=\"og:type\" content=\"article\" \/>\n<meta property=\"og:title\" content=\"Kontakt\" \/>\n<meta property=\"og:description\" content=\"Wir helfen euch gerne. Ruft uns an oder schreibt uns. Telefon +49 (89) 244 19 07-0 info@liongate.de\" \/>\n<meta property=\"og:url\" content=\"https:\/\/www.liongate.de\/de\/kontakt\/\" \/>\n<meta property=\"og:site_name\" content=\"Liongate\" \/>\n<meta property=\"article:modified_time\" content=\"2026-04-28T19:44:47+00:00\" \/>\n<meta name=\"twitter:card\" content=\"summary_large_image\" \/>\n<script type=\"application\/ld+json\" class=\"yoast-schema-graph\">{\"@context\":\"https:\\\/\\\/schema.org\",\"@graph\":[{\"@type\":\"WebPage\",\"@id\":\"https:\\\/\\\/www.liongate.de\\\/de\\\/kontakt\\\/\",\"url\":\"https:\\\/\\\/www.liongate.de\\\/de\\\/kontakt\\\/\",\"name\":\"Kontakt Liongate\",\"isPartOf\":{\"@id\":\"https:\\\/\\\/www.liongate.de\\\/de\\\/#website\"},\"datePublished\":\"2022-08-26T07:12:54+00:00\",\"dateModified\":\"2026-04-28T19:44:47+00:00\",\"description\":\"Wir helfen euch gerne. Ruft uns an oder schreibt uns. Telefon +49 (89) 244 19 07-0 info@liongate.de\",\"breadcrumb\":{\"@id\":\"https:\\\/\\\/www.liongate.de\\\/de\\\/kontakt\\\/#breadcrumb\"},\"inLanguage\":\"de\",\"potentialAction\":[{\"@type\":\"ReadAction\",\"target\":[\"https:\\\/\\\/www.liongate.de\\\/de\\\/kontakt\\\/\"]}]},{\"@type\":\"BreadcrumbList\",\"@id\":\"https:\\\/\\\/www.liongate.de\\\/de\\\/kontakt\\\/#breadcrumb\",\"itemListElement\":[{\"@type\":\"ListItem\",\"position\":1,\"name\":\"Home\",\"item\":\"https:\\\/\\\/www.liongate.de\\\/de\\\/\"},{\"@type\":\"ListItem\",\"position\":2,\"name\":\"Kontakt\"}]},{\"@type\":\"WebSite\",\"@id\":\"https:\\\/\\\/www.liongate.de\\\/de\\\/#website\",\"url\":\"https:\\\/\\\/www.liongate.de\\\/de\\\/\",\"name\":\"Liongate\",\"description\":\"Liongate - Make every interaction a win\",\"potentialAction\":[{\"@type\":\"SearchAction\",\"target\":{\"@type\":\"EntryPoint\",\"urlTemplate\":\"https:\\\/\\\/www.liongate.de\\\/de\\\/?s={search_term_string}\"},\"query-input\":{\"@type\":\"PropertyValueSpecification\",\"valueRequired\":true,\"valueName\":\"search_term_string\"}}],\"inLanguage\":\"de\"}]}<\/script>\n<!-- \/ Yoast SEO Premium plugin. -->","yoast_head_json":{"title":"Kontakt Liongate","description":"Wir helfen euch gerne. Ruft uns an oder schreibt uns. Telefon +49 (89) 244 19 07-0 info@liongate.de","robots":{"index":"index","follow":"follow","max-snippet":"max-snippet:-1","max-image-preview":"max-image-preview:large","max-video-preview":"max-video-preview:-1"},"canonical":"https:\/\/www.liongate.de\/de\/kontakt\/","og_locale":"de_DE","og_type":"article","og_title":"Kontakt","og_description":"Wir helfen euch gerne. Ruft uns an oder schreibt uns. Telefon +49 (89) 244 19 07-0 info@liongate.de","og_url":"https:\/\/www.liongate.de\/de\/kontakt\/","og_site_name":"Liongate","article_modified_time":"2026-04-28T19:44:47+00:00","twitter_card":"summary_large_image","schema":{"@context":"https:\/\/schema.org","@graph":[{"@type":"WebPage","@id":"https:\/\/www.liongate.de\/de\/kontakt\/","url":"https:\/\/www.liongate.de\/de\/kontakt\/","name":"Kontakt Liongate","isPartOf":{"@id":"https:\/\/www.liongate.de\/de\/#website"},"datePublished":"2022-08-26T07:12:54+00:00","dateModified":"2026-04-28T19:44:47+00:00","description":"Wir helfen euch gerne. Ruft uns an oder schreibt uns. Telefon +49 (89) 244 19 07-0 info@liongate.de","breadcrumb":{"@id":"https:\/\/www.liongate.de\/de\/kontakt\/#breadcrumb"},"inLanguage":"de","potentialAction":[{"@type":"ReadAction","target":["https:\/\/www.liongate.de\/de\/kontakt\/"]}]},{"@type":"BreadcrumbList","@id":"https:\/\/www.liongate.de\/de\/kontakt\/#breadcrumb","itemListElement":[{"@type":"ListItem","position":1,"name":"Home","item":"https:\/\/www.liongate.de\/de\/"},{"@type":"ListItem","position":2,"name":"Kontakt"}]},{"@type":"WebSite","@id":"https:\/\/www.liongate.de\/de\/#website","url":"https:\/\/www.liongate.de\/de\/","name":"Liongate","description":"Liongate - Make every interaction a win","potentialAction":[{"@type":"SearchAction","target":{"@type":"EntryPoint","urlTemplate":"https:\/\/www.liongate.de\/de\/?s={search_term_string}"},"query-input":{"@type":"PropertyValueSpecification","valueRequired":true,"valueName":"search_term_string"}}],"inLanguage":"de"}]}},"acf":[],"_links":{"self":[{"href":"https:\/\/www.liongate.de\/de\/wp-json\/wp\/v2\/pages\/1314","targetHints":{"allow":["GET"]}}],"collection":[{"href":"https:\/\/www.liongate.de\/de\/wp-json\/wp\/v2\/pages"}],"about":[{"href":"https:\/\/www.liongate.de\/de\/wp-json\/wp\/v2\/types\/page"}],"author":[{"embeddable":true,"href":"https:\/\/www.liongate.de\/de\/wp-json\/wp\/v2\/users\/1"}],"replies":[{"embeddable":true,"href":"https:\/\/www.liongate.de\/de\/wp-json\/wp\/v2\/comments?post=1314"}],"version-history":[{"count":72,"href":"https:\/\/www.liongate.de\/de\/wp-json\/wp\/v2\/pages\/1314\/revisions"}],"predecessor-version":[{"id":11477,"href":"https:\/\/www.liongate.de\/de\/wp-json\/wp\/v2\/pages\/1314\/revisions\/11477"}],"wp:attachment":[{"href":"https:\/\/www.liongate.de\/de\/wp-json\/wp\/v2\/media?parent=1314"}],"curies":[{"name":"wp","href":"https:\/\/api.w.org\/{rel}","templated":true}]}}