{"id":10089,"date":"2025-12-12T14:05:59","date_gmt":"2025-12-12T14:05:59","guid":{"rendered":"https:\/\/www.liongate.de\/?page_id=10089"},"modified":"2026-01-15T08:36:37","modified_gmt":"2026-01-15T08:36:37","slug":"impressum","status":"publish","type":"page","link":"https:\/\/www.liongate.de\/de\/impressum\/","title":{"rendered":"Impressum"},"content":{"rendered":"\t\t<section class=\"the-text-banner\" >\n\t\t<div class=\"container\">\n\t\t\t<div class=\"the-banner\">\n\t\t\t\t<div class=\"banner-left\">\n\t\t\t\t\t\t\t\t\t\t\t\t\t\t\t\t<h1 class=\"title\">Impressum<\/h1>\n\t\t\t\t\t\t\t\t\t<\/div>\n\t\t\t\t<div class=\"banner-right\">\n\t\t\t\t\t\t\t\t\t\t\t\t\t\t<\/div>\n\t\t\t<\/div>\n\t\t<\/div>\n\t<\/section>\n\t\n\n\t\t\t<section class=\"content-page-info\">\n\t\t\t<div class=\"container \">\n\t\t\t\t\t\t\t\t\t<div class=\"description\"><h2>Anbieter und Anschrift<\/h2>\n<p style=\"line-height: 1.6; color: #000000; text-align: justify; hyphens: auto;\">\nLionGate AG<br \/>\nLeopoldstra\u00dfe 244<br \/>\nD-80807 M\u00fcnchen\n<\/p>\n<p style=\"line-height: 1.6; color: #000000; text-align: justify; hyphens: auto;\">\nTelefon: <a href=\"tel:+498924419070\">+49 (89) 244 19 07-0<\/a><br \/>\nTelefax: <a href=\"tel:+4989244190750\">+49 (89) 244 19 07\u201350<\/a><br \/>\nEmail: <a href=\"mailto:info@liongate.de\">info@liongate.de<\/a><br \/>\nInternet: <a href=\"http:\/\/www.liongate.de\">www.liongate.de<\/a>\n<\/p>\n<p style=\"line-height: 1.6; color: #000000; text-align: justify; hyphens: auto;\">\nInhaltlich Verantwortlicher gem\u00e4\u00df \u00a7 6 MDStV: LionGate AG<br \/>\nAnsprechpartner: Peter De Wendt\n<\/p>\n<p style=\"line-height: 1.6; color: #000000; text-align: justify; hyphens: auto;\">\nUmsatzsteuer Identifikationsnummer gem\u00e4\u00df \u00a7 27 a UStG: DE 258 091 380\n<\/p>\n<h2>Handelregister<\/h2>\n<p style=\"line-height: 1.6; color: #000000; text-align: justify; hyphens: auto;\">\nHandelsregisternummer: HRB 171601<br \/>\nRegistergericht: Amtsgericht M\u00fcnchen\n<\/p>\n<h2>Vorstand<\/h2>\n<p style=\"line-height: 1.6; color: #000000; text-align: justify; hyphens: auto;\">\nArmin Oppitz, Dipl.-Inform.<br \/>\nPeter De Wendt, Dipl.-Phys. Ing.<br \/>\nMichael Comanns, Dipl.-Inform.\n<\/p>\n<h2>Aufsichtsrat<\/h2>\n<p style=\"line-height: 1.6; color: #000000; text-align: justify; hyphens: auto;\">\nDr. Norbert Huber (Vorsitzender), Rechtsanwalt<br \/>\nFrank Pensel, Dipl.-Inform.<br \/>\nMichael Schie\u00dfl, Dipl.-Ing.\n<\/p>\n<h2>Inhalt des Onlineangebotes<\/h2>\n<p style=\"line-height: 1.6; color: #000000; text-align: justify; hyphens: auto;\">\nTrotz sorgf\u00e4ltiger Recherche \u00fcbernimmt die LionGate AG keinerlei Gew\u00e4hr f\u00fcr die Aktualit\u00e4t, Korrektheit, Vollst\u00e4ndigkeit oder Qualit\u00e4t der auf diesen Webseiten bereitgestellten Informationen.\n<\/p>\n<p style=\"line-height: 1.6; color: #000000; text-align: justify; hyphens: auto;\">\nEine Haftung der LionGate AG, f\u00fcr Sch\u00e4den materieller oder immaterieller Art, die durch die Nutzung oder Nichtnutzung der dargebotenen Informationen bzw. durch die Nutzung fehlerhafter und unvollst\u00e4ndiger Informationen verursacht wurden, ist grunds\u00e4tzlich ausgeschlossen.\n<\/p>\n<p style=\"line-height: 1.6; color: #000000; text-align: justify; hyphens: auto;\">\nAlle Angebote sind freibleibend und unverbindlich. Die LionGate AG beh\u00e4lt es sich ausdr\u00fccklich vor, Teile der Seiten oder das gesamte Angebot ohne gesonderte Ank\u00fcndigung zu ver\u00e4ndern, zu erg\u00e4nzen, zu l\u00f6schen oder die Ver\u00f6ffentlichung zeitweise oder endg\u00fcltig einzustellen.\n<\/p>\n<h2>Verweise und Links<\/h2>\n<p style=\"line-height: 1.6; color: #000000; text-align: justify; hyphens: auto;\">\nDie Webseiten der LionGate AG enthalten Verweise auf Webseiten externer Anbieter (\u201eLinks\u201c). Die LionGate AG erkl\u00e4rt hiermit, dass auf den verlinkten Seiten zum Zeitpunkt der Linksetzung keinerlei rechtswidrige Inhalte erkennbar waren.\n<\/p>\n<p style=\"line-height: 1.6; color: #000000; text-align: justify; hyphens: auto;\">\nDie LionGate AG hat jedoch keinerlei Einfluss auf Gestaltung oder Inhalt der verlinkten Seiten. Die Verantwortung f\u00fcr diese verlinkten Seiten liegt ausschlie\u00dflich beim jeweiligen Anbieter.\n<\/p>\n<p style=\"line-height: 1.6; color: #000000; text-align: justify; hyphens: auto;\">\nVerwendung der Bilder unter Lizenz von Shutterstock.com Urheberrechte an den Bildern: yienkeat \/ Raywoo \/ Peshkova \/ winui<\/p>\n<\/div>\n\t\t\t\t\t\t\t<\/div>\n\t\t<\/section>\n\t","protected":false},"excerpt":{"rendered":"","protected":false},"author":20,"featured_media":0,"parent":0,"menu_order":0,"comment_status":"closed","ping_status":"closed","template":"","meta":{"inline_featured_image":false,"footnotes":""},"class_list":["post-10089","page","type-page","status-publish","hentry"],"yoast_head":"<!-- This site is optimized with the Yoast SEO Premium plugin v27.3 (Yoast SEO v27.3) - https:\/\/yoast.com\/product\/yoast-seo-premium-wordpress\/ -->\n<title>Impressum - Liongate<\/title>\n<meta name=\"description\" content=\"Hier finden Sie alle Inhalte unseres Impressums.\" \/>\n<meta name=\"robots\" content=\"index, follow, max-snippet:-1, max-image-preview:large, max-video-preview:-1\" \/>\n<link rel=\"canonical\" href=\"https:\/\/www.liongate.de\/de\/impressum\/\" \/>\n<meta property=\"og:locale\" content=\"de_DE\" \/>\n<meta property=\"og:type\" content=\"article\" \/>\n<meta property=\"og:title\" content=\"Impressum\" \/>\n<meta property=\"og:description\" content=\"Hier finden Sie alle Inhalte unseres Impressums.\" \/>\n<meta property=\"og:url\" content=\"https:\/\/www.liongate.de\/de\/impressum\/\" \/>\n<meta property=\"og:site_name\" content=\"Liongate\" \/>\n<meta property=\"article:modified_time\" content=\"2026-01-15T08:36:37+00:00\" \/>\n<meta name=\"twitter:card\" content=\"summary_large_image\" \/>\n<script type=\"application\/ld+json\" class=\"yoast-schema-graph\">{\"@context\":\"https:\\\/\\\/schema.org\",\"@graph\":[{\"@type\":\"WebPage\",\"@id\":\"https:\\\/\\\/www.liongate.de\\\/de\\\/impressum\\\/\",\"url\":\"https:\\\/\\\/www.liongate.de\\\/de\\\/impressum\\\/\",\"name\":\"Impressum - Liongate\",\"isPartOf\":{\"@id\":\"https:\\\/\\\/www.liongate.de\\\/de\\\/#website\"},\"datePublished\":\"2025-12-12T14:05:59+00:00\",\"dateModified\":\"2026-01-15T08:36:37+00:00\",\"description\":\"Hier finden Sie alle Inhalte unseres Impressums.\",\"breadcrumb\":{\"@id\":\"https:\\\/\\\/www.liongate.de\\\/de\\\/impressum\\\/#breadcrumb\"},\"inLanguage\":\"de\",\"potentialAction\":[{\"@type\":\"ReadAction\",\"target\":[\"https:\\\/\\\/www.liongate.de\\\/de\\\/impressum\\\/\"]}]},{\"@type\":\"BreadcrumbList\",\"@id\":\"https:\\\/\\\/www.liongate.de\\\/de\\\/impressum\\\/#breadcrumb\",\"itemListElement\":[{\"@type\":\"ListItem\",\"position\":1,\"name\":\"Home\",\"item\":\"https:\\\/\\\/www.liongate.de\\\/de\\\/\"},{\"@type\":\"ListItem\",\"position\":2,\"name\":\"Impressum\"}]},{\"@type\":\"WebSite\",\"@id\":\"https:\\\/\\\/www.liongate.de\\\/de\\\/#website\",\"url\":\"https:\\\/\\\/www.liongate.de\\\/de\\\/\",\"name\":\"Liongate\",\"description\":\"Liongate - Make every interaction a win\",\"potentialAction\":[{\"@type\":\"SearchAction\",\"target\":{\"@type\":\"EntryPoint\",\"urlTemplate\":\"https:\\\/\\\/www.liongate.de\\\/de\\\/?s={search_term_string}\"},\"query-input\":{\"@type\":\"PropertyValueSpecification\",\"valueRequired\":true,\"valueName\":\"search_term_string\"}}],\"inLanguage\":\"de\"}]}<\/script>\n<!-- \/ Yoast SEO Premium plugin. -->","yoast_head_json":{"title":"Impressum - Liongate","description":"Hier finden Sie alle Inhalte unseres Impressums.","robots":{"index":"index","follow":"follow","max-snippet":"max-snippet:-1","max-image-preview":"max-image-preview:large","max-video-preview":"max-video-preview:-1"},"canonical":"https:\/\/www.liongate.de\/de\/impressum\/","og_locale":"de_DE","og_type":"article","og_title":"Impressum","og_description":"Hier finden Sie alle Inhalte unseres Impressums.","og_url":"https:\/\/www.liongate.de\/de\/impressum\/","og_site_name":"Liongate","article_modified_time":"2026-01-15T08:36:37+00:00","twitter_card":"summary_large_image","schema":{"@context":"https:\/\/schema.org","@graph":[{"@type":"WebPage","@id":"https:\/\/www.liongate.de\/de\/impressum\/","url":"https:\/\/www.liongate.de\/de\/impressum\/","name":"Impressum - Liongate","isPartOf":{"@id":"https:\/\/www.liongate.de\/de\/#website"},"datePublished":"2025-12-12T14:05:59+00:00","dateModified":"2026-01-15T08:36:37+00:00","description":"Hier finden Sie alle Inhalte unseres Impressums.","breadcrumb":{"@id":"https:\/\/www.liongate.de\/de\/impressum\/#breadcrumb"},"inLanguage":"de","potentialAction":[{"@type":"ReadAction","target":["https:\/\/www.liongate.de\/de\/impressum\/"]}]},{"@type":"BreadcrumbList","@id":"https:\/\/www.liongate.de\/de\/impressum\/#breadcrumb","itemListElement":[{"@type":"ListItem","position":1,"name":"Home","item":"https:\/\/www.liongate.de\/de\/"},{"@type":"ListItem","position":2,"name":"Impressum"}]},{"@type":"WebSite","@id":"https:\/\/www.liongate.de\/de\/#website","url":"https:\/\/www.liongate.de\/de\/","name":"Liongate","description":"Liongate - Make every interaction a win","potentialAction":[{"@type":"SearchAction","target":{"@type":"EntryPoint","urlTemplate":"https:\/\/www.liongate.de\/de\/?s={search_term_string}"},"query-input":{"@type":"PropertyValueSpecification","valueRequired":true,"valueName":"search_term_string"}}],"inLanguage":"de"}]}},"acf":[],"_links":{"self":[{"href":"https:\/\/www.liongate.de\/de\/wp-json\/wp\/v2\/pages\/10089","targetHints":{"allow":["GET"]}}],"collection":[{"href":"https:\/\/www.liongate.de\/de\/wp-json\/wp\/v2\/pages"}],"about":[{"href":"https:\/\/www.liongate.de\/de\/wp-json\/wp\/v2\/types\/page"}],"author":[{"embeddable":true,"href":"https:\/\/www.liongate.de\/de\/wp-json\/wp\/v2\/users\/20"}],"replies":[{"embeddable":true,"href":"https:\/\/www.liongate.de\/de\/wp-json\/wp\/v2\/comments?post=10089"}],"version-history":[{"count":15,"href":"https:\/\/www.liongate.de\/de\/wp-json\/wp\/v2\/pages\/10089\/revisions"}],"predecessor-version":[{"id":10408,"href":"https:\/\/www.liongate.de\/de\/wp-json\/wp\/v2\/pages\/10089\/revisions\/10408"}],"wp:attachment":[{"href":"https:\/\/www.liongate.de\/de\/wp-json\/wp\/v2\/media?parent=10089"}],"curies":[{"name":"wp","href":"https:\/\/api.w.org\/{rel}","templated":true}]}}